{"id":8,"date":"2024-02-18T20:58:19","date_gmt":"2024-02-18T19:58:19","guid":{"rendered":"https:\/\/www.kawma.fr\/?page_id=8"},"modified":"2024-10-27T15:23:30","modified_gmt":"2024-10-27T14:23:30","slug":"accueil","status":"publish","type":"page","link":"https:\/\/www.kawma.fr\/","title":{"rendered":"Accueil"},"content":{"rendered":"\t\t<div data-elementor-type=\"wp-page\" data-elementor-id=\"8\" class=\"elementor elementor-8\">\n\t\t\t\t<div class=\"elementor-element elementor-element-c313fdf e-flex e-con-boxed e-con e-parent\" data-id=\"c313fdf\" data-element_type=\"container\" data-settings=\"{&quot;content_width&quot;:&quot;boxed&quot;}\" data-core-v316-plus=\"true\">\n\t\t\t\t\t<div class=\"e-con-inner\">\n\t\t<div class=\"elementor-element elementor-element-70e38e4 e-con-full e-flex e-con e-child\" data-id=\"70e38e4\" data-element_type=\"container\" data-settings=\"{&quot;content_width&quot;:&quot;full&quot;}\">\n\t\t\t\t<div class=\"elementor-element elementor-element-2b0f4b7 elementor-widget elementor-widget-text-editor\" data-id=\"2b0f4b7\" data-element_type=\"widget\" data-widget_type=\"text-editor.default\">\n\t\t\t\t<div class=\"elementor-widget-container\">\n\t\t\t<style>\/*! elementor - v3.19.0 - 07-02-2024 *\/\n.elementor-widget-text-editor.elementor-drop-cap-view-stacked .elementor-drop-cap{background-color:#69727d;color:#fff}.elementor-widget-text-editor.elementor-drop-cap-view-framed .elementor-drop-cap{color:#69727d;border:3px solid;background-color:transparent}.elementor-widget-text-editor:not(.elementor-drop-cap-view-default) .elementor-drop-cap{margin-top:8px}.elementor-widget-text-editor:not(.elementor-drop-cap-view-default) .elementor-drop-cap-letter{width:1em;height:1em}.elementor-widget-text-editor .elementor-drop-cap{float:left;text-align:center;line-height:1;font-size:50px}.elementor-widget-text-editor .elementor-drop-cap-letter{display:inline-block}<\/style>\t\t\t\t<div><b>\u00a0<\/b><\/div><h1 style=\"margin: 0in; font-variant-ligatures: normal; font-variant-caps: normal; font-family: Calibri; font-size: 11pt; font-style: normal; text-align: center;\">KawMa, cr\u00e9\u00e9e en 2022 par Maroua BEN GHENIA est une agence de conseil en informatique.<br \/><span style=\"font-size: 14.6667px; background-image: initial; background-position: initial; background-size: initial; background-repeat: initial; background-attachment: initial; background-origin: initial; background-clip: initial;\">Nous mettons toute\u00a0<\/span><span style=\"font-size: 14.6667px; color: var( --e-global-color-fb9cb79 );\">notre expertise \u00e0 votre service pour vous accompagner sur tout le cycle de vie<br \/><\/span><span style=\"font-size: 14.6667px; background-image: initial; background-position: initial; background-size: initial; background-repeat: initial; background-attachment: initial; background-origin: initial; background-clip: initial;\">de vos projets depuis l&#8217;id\u00e9e jusqu&#8217;au d\u00e9ploiement en passant par la conduite de\u00a0<\/span><span style=\"font-size: 14.6667px; color: var( --e-global-color-fb9cb79 );\">changement.<br \/><\/span><span style=\"font-size: 14.6667px; color: var( --e-global-color-fb9cb79 );\"><br \/><\/span><span style=\"font-size: 14.6667px; background-image: initial; background-position: initial; background-size: initial; background-repeat: initial; background-attachment: initial; background-origin: initial; background-clip: initial;\">Nous nous ferons un\u00a0<\/span><span style=\"font-size: 14.6667px; color: var( --e-global-color-fb9cb79 );\">plaisir de r\u00e9pondre \u00e0 vos sollicitations,\u00a0<span style=\"font-size: 14.6667px;\">pourquoi pas nous contacter ?<br \/><\/span><\/span><span style=\"font-size: 14.6667px; background-image: initial; background-position: initial; background-size: initial; background-repeat: initial; background-attachment: initial; background-origin: initial; background-clip: initial;\"><br \/><\/span><span style=\"font-size: 14.6667px; background-image: initial; background-position: initial; background-size: initial; background-repeat: initial; background-attachment: initial; background-origin: initial; background-clip: initial;\">\u00c7a se passe\u00a0<a style=\"font-size: 14.6667px; transition-property: all;\" href=\"mailto:contact@kawma.fr\">ici<\/a>\u00a0pour nous envoyer un mail ou\u00a0<\/span><span style=\"font-size: 14.6667px; color: var( --e-global-color-fb9cb79 );\">veuillez<br \/><\/span><span style=\"font-size: 14.6667px; background-image: initial; background-position: initial; background-size: initial; background-repeat: initial; background-attachment: initial; background-origin: initial; background-clip: initial;\">utiliser notre formulaire de contact.<br \/><\/span><span style=\"font-size: 14.6667px; background-image: initial; background-position: initial; background-size: initial; background-repeat: initial; background-attachment: initial; background-origin: initial; background-clip: initial;\"><br \/><\/span><span style=\"font-size: 14.6667px; background-image: initial; background-position: initial; background-size: initial; background-repeat: initial; background-attachment: initial; background-origin: initial; background-clip: initial;\">Au plaisir\u00a0<\/span><span style=\"font-size: 14.6667px; color: var( --e-global-color-fb9cb79 );\">d&#8217;\u00e9changer ! En attendant vous pouvez rencontrer l&#8217;\u00e9quipe\u00a0<\/span><a style=\"font-size: 14.6667px; transition-property: all;\" href=\"https:\/\/www.kawma.fr\/index.php\/notre-equipe\/\" target=\"_blank\" rel=\"noopener\">ici<\/a><span style=\"font-size: 14.6667px; color: var( --e-global-color-fb9cb79 );\">.\u00a0<\/span><\/h1><div><span style=\"font-size: 14.6667px; color: var( --e-global-color-fb9cb79 );\"><b>\u00a0<\/b><\/span><\/div><div><span style=\"font-size: 14.6667px; color: var( --e-global-color-fb9cb79 );\"><b>\u00a0<\/b><\/span><\/div><p style=\"margin: 0in; font-variant-ligatures: normal; font-variant-caps: normal; font-family: Calibri; font-size: 11pt; font-style: normal; color: #740697; text-align: center;\"><span style=\"font-size: 14.6667px; color: var( --e-global-color-fb9cb79 );\"><b>\u00a0<\/b><\/span><\/p>\t\t\t\t\t\t<\/div>\n\t\t\t\t<\/div>\n\t\t\t\t<\/div>\n\t\t\t\t\t<\/div>\n\t\t\t\t<\/div>\n\t\t<div class=\"elementor-element elementor-element-9069e7c e-con-full e-flex e-con e-parent\" data-id=\"9069e7c\" data-element_type=\"container\" data-settings=\"{&quot;content_width&quot;:&quot;full&quot;}\" data-core-v316-plus=\"true\">\n\t\t\t\t<\/div>\n\t\t<div class=\"elementor-element elementor-element-6b06524 e-con-full e-flex e-con e-parent\" data-id=\"6b06524\" data-element_type=\"container\" data-settings=\"{&quot;content_width&quot;:&quot;full&quot;}\" data-core-v316-plus=\"true\">\n\t\t\t\t<div class=\"elementor-element elementor-element-b05c8c1 elementor-widget elementor-widget-heading\" data-id=\"b05c8c1\" data-element_type=\"widget\" data-widget_type=\"heading.default\">\n\t\t\t\t<div class=\"elementor-widget-container\">\n\t\t\t<style>\/*! elementor - v3.19.0 - 07-02-2024 *\/\n.elementor-heading-title{padding:0;margin:0;line-height:1}.elementor-widget-heading .elementor-heading-title[class*=elementor-size-]>a{color:inherit;font-size:inherit;line-height:inherit}.elementor-widget-heading .elementor-heading-title.elementor-size-small{font-size:15px}.elementor-widget-heading .elementor-heading-title.elementor-size-medium{font-size:19px}.elementor-widget-heading .elementor-heading-title.elementor-size-large{font-size:29px}.elementor-widget-heading .elementor-heading-title.elementor-size-xl{font-size:39px}.elementor-widget-heading .elementor-heading-title.elementor-size-xxl{font-size:59px}<\/style><h4 class=\"elementor-heading-title elementor-size-default\">Ils nous ont fait confiance <\/h4>\t\t<\/div>\n\t\t\t\t<\/div>\n\t\t\t\t<\/div>\n\t\t<div class=\"elementor-element elementor-element-2bff152 e-con-full e-flex e-con e-parent\" data-id=\"2bff152\" data-element_type=\"container\" data-settings=\"{&quot;content_width&quot;:&quot;full&quot;}\" data-core-v316-plus=\"true\">\n\t\t<div class=\"elementor-element elementor-element-2e0b59b e-con-full e-flex e-con e-child\" data-id=\"2e0b59b\" data-element_type=\"container\" data-settings=\"{&quot;content_width&quot;:&quot;full&quot;}\">\n\t\t\t\t<div class=\"elementor-element elementor-element-f4e19c5 elementor-position-top elementor-widget elementor-widget-image-box\" data-id=\"f4e19c5\" data-element_type=\"widget\" data-widget_type=\"image-box.default\">\n\t\t\t\t<div class=\"elementor-widget-container\">\n\t\t\t<style>\/*! elementor - v3.19.0 - 07-02-2024 *\/\n.elementor-widget-image-box .elementor-image-box-content{width:100%}@media (min-width:768px){.elementor-widget-image-box.elementor-position-left .elementor-image-box-wrapper,.elementor-widget-image-box.elementor-position-right .elementor-image-box-wrapper{display:flex}.elementor-widget-image-box.elementor-position-right .elementor-image-box-wrapper{text-align:right;flex-direction:row-reverse}.elementor-widget-image-box.elementor-position-left .elementor-image-box-wrapper{text-align:left;flex-direction:row}.elementor-widget-image-box.elementor-position-top .elementor-image-box-img{margin:auto}.elementor-widget-image-box.elementor-vertical-align-top .elementor-image-box-wrapper{align-items:flex-start}.elementor-widget-image-box.elementor-vertical-align-middle .elementor-image-box-wrapper{align-items:center}.elementor-widget-image-box.elementor-vertical-align-bottom .elementor-image-box-wrapper{align-items:flex-end}}@media (max-width:767px){.elementor-widget-image-box .elementor-image-box-img{margin-left:auto!important;margin-right:auto!important;margin-bottom:15px}}.elementor-widget-image-box .elementor-image-box-img{display:inline-block}.elementor-widget-image-box .elementor-image-box-title a{color:inherit}.elementor-widget-image-box .elementor-image-box-wrapper{text-align:center}.elementor-widget-image-box .elementor-image-box-description{margin:0}<\/style><div class=\"elementor-image-box-wrapper\"><figure class=\"elementor-image-box-img\"><img decoding=\"async\" width=\"150\" height=\"150\" src=\"https:\/\/www.kawma.fr\/wp-content\/uploads\/2024\/02\/800px-Orange_Bank_2017-150x150.png\" class=\"attachment-thumbnail size-thumbnail wp-image-76\" alt=\"\" srcset=\"https:\/\/www.kawma.fr\/wp-content\/uploads\/2024\/02\/800px-Orange_Bank_2017-150x150.png 150w, https:\/\/www.kawma.fr\/wp-content\/uploads\/2024\/02\/800px-Orange_Bank_2017-300x300.png 300w, https:\/\/www.kawma.fr\/wp-content\/uploads\/2024\/02\/800px-Orange_Bank_2017-768x768.png 768w, https:\/\/www.kawma.fr\/wp-content\/uploads\/2024\/02\/800px-Orange_Bank_2017-600x600.png 600w, https:\/\/www.kawma.fr\/wp-content\/uploads\/2024\/02\/800px-Orange_Bank_2017.png 800w\" sizes=\"(max-width: 150px) 100vw, 150px\" \/><\/figure><\/div>\t\t<\/div>\n\t\t\t\t<\/div>\n\t\t\t\t<\/div>\n\t\t<div class=\"elementor-element elementor-element-83b1970 e-con-full e-flex e-con e-child\" data-id=\"83b1970\" data-element_type=\"container\" data-settings=\"{&quot;content_width&quot;:&quot;full&quot;}\">\n\t\t\t\t<div class=\"elementor-element elementor-element-602c63e elementor-position-top elementor-widget elementor-widget-image-box\" data-id=\"602c63e\" data-element_type=\"widget\" data-widget_type=\"image-box.default\">\n\t\t\t\t<div class=\"elementor-widget-container\">\n\t\t\t<div class=\"elementor-image-box-wrapper\"><figure class=\"elementor-image-box-img\"><img fetchpriority=\"high\" decoding=\"async\" width=\"300\" height=\"168\" src=\"https:\/\/www.kawma.fr\/wp-content\/uploads\/2024\/02\/engie_rectangular-300x168-1.png\" class=\"attachment-large size-large wp-image-78\" alt=\"\" \/><\/figure><\/div>\t\t<\/div>\n\t\t\t\t<\/div>\n\t\t\t\t<\/div>\n\t\t<div class=\"elementor-element elementor-element-cb4352c e-con-full e-flex e-con e-child\" data-id=\"cb4352c\" data-element_type=\"container\" data-settings=\"{&quot;content_width&quot;:&quot;full&quot;}\">\n\t\t\t\t<div class=\"elementor-element elementor-element-06a4ef0 elementor-position-top elementor-widget elementor-widget-image-box\" data-id=\"06a4ef0\" data-element_type=\"widget\" data-widget_type=\"image-box.default\">\n\t\t\t\t<div class=\"elementor-widget-container\">\n\t\t\t<div class=\"elementor-image-box-wrapper\"><figure class=\"elementor-image-box-img\"><img decoding=\"async\" width=\"150\" height=\"84\" src=\"https:\/\/www.kawma.fr\/wp-content\/uploads\/2024\/02\/Agence_du_Numerique_en_Sante.svg_-150x84.png\" class=\"attachment-thumbnail size-thumbnail wp-image-79\" alt=\"\" \/><\/figure><\/div>\t\t<\/div>\n\t\t\t\t<\/div>\n\t\t\t\t<\/div>\n\t\t<div class=\"elementor-element elementor-element-0cfeba8 e-con-full e-flex e-con e-child\" data-id=\"0cfeba8\" data-element_type=\"container\" data-settings=\"{&quot;content_width&quot;:&quot;full&quot;}\">\n\t\t\t\t<div class=\"elementor-element elementor-element-53096fb elementor-position-top elementor-widget elementor-widget-image-box\" data-id=\"53096fb\" data-element_type=\"widget\" data-widget_type=\"image-box.default\">\n\t\t\t\t<div class=\"elementor-widget-container\">\n\t\t\t<div class=\"elementor-image-box-wrapper\"><figure class=\"elementor-image-box-img\"><img loading=\"lazy\" decoding=\"async\" width=\"300\" height=\"168\" src=\"https:\/\/www.kawma.fr\/wp-content\/uploads\/2024\/02\/telechargement.png\" class=\"attachment-full size-full wp-image-80\" alt=\"\" \/><\/figure><\/div>\t\t<\/div>\n\t\t\t\t<\/div>\n\t\t\t\t<\/div>\n\t\t\t\t<\/div>\n\t\t\t\t<\/div>\n\t\t","protected":false},"excerpt":{"rendered":"<p>\u00a0 KawMa, cr\u00e9\u00e9e en 2022 par Maroua BEN GHENIA est une agence de conseil en informatique.Nous mettons toute\u00a0notre expertise \u00e0 votre service pour vous accompagner sur tout le cycle de viede vos projets depuis l&#8217;id\u00e9e jusqu&#8217;au d\u00e9ploiement en passant par la conduite de\u00a0changement. Nous nous ferons un\u00a0plaisir de r\u00e9pondre \u00e0 vos sollicitations,\u00a0pourquoi pas nous contacter [&hellip;]<\/p>\n","protected":false},"author":1,"featured_media":0,"parent":0,"menu_order":0,"comment_status":"closed","ping_status":"closed","template":"","meta":{"ocean_post_layout":"","ocean_both_sidebars_style":"","ocean_both_sidebars_content_width":0,"ocean_both_sidebars_sidebars_width":0,"ocean_sidebar":"","ocean_second_sidebar":"","ocean_disable_margins":"enable","ocean_add_body_class":"","ocean_shortcode_before_top_bar":"","ocean_shortcode_after_top_bar":"","ocean_shortcode_before_header":"","ocean_shortcode_after_header":"","ocean_has_shortcode":"","ocean_shortcode_after_title":"","ocean_shortcode_before_footer_widgets":"","ocean_shortcode_after_footer_widgets":"","ocean_shortcode_before_footer_bottom":"","ocean_shortcode_after_footer_bottom":"","ocean_display_top_bar":"default","ocean_display_header":"default","ocean_header_style":"","ocean_center_header_left_menu":"","ocean_custom_header_template":"","ocean_custom_logo":0,"ocean_custom_retina_logo":0,"ocean_custom_logo_max_width":0,"ocean_custom_logo_tablet_max_width":0,"ocean_custom_logo_mobile_max_width":0,"ocean_custom_logo_max_height":0,"ocean_custom_logo_tablet_max_height":0,"ocean_custom_logo_mobile_max_height":0,"ocean_header_custom_menu":"","ocean_menu_typo_font_family":"","ocean_menu_typo_font_subset":"","ocean_menu_typo_font_size":0,"ocean_menu_typo_font_size_tablet":0,"ocean_menu_typo_font_size_mobile":0,"ocean_menu_typo_font_size_unit":"px","ocean_menu_typo_font_weight":"","ocean_menu_typo_font_weight_tablet":"","ocean_menu_typo_font_weight_mobile":"","ocean_menu_typo_transform":"","ocean_menu_typo_transform_tablet":"","ocean_menu_typo_transform_mobile":"","ocean_menu_typo_line_height":0,"ocean_menu_typo_line_height_tablet":0,"ocean_menu_typo_line_height_mobile":0,"ocean_menu_typo_line_height_unit":"","ocean_menu_typo_spacing":0,"ocean_menu_typo_spacing_tablet":0,"ocean_menu_typo_spacing_mobile":0,"ocean_menu_typo_spacing_unit":"","ocean_menu_link_color":"","ocean_menu_link_color_hover":"","ocean_menu_link_color_active":"","ocean_menu_link_background":"","ocean_menu_link_hover_background":"","ocean_menu_link_active_background":"","ocean_menu_social_links_bg":"","ocean_menu_social_hover_links_bg":"","ocean_menu_social_links_color":"","ocean_menu_social_hover_links_color":"","ocean_disable_title":"default","ocean_disable_heading":"default","ocean_post_title":"","ocean_post_subheading":"","ocean_post_title_style":"","ocean_post_title_background_color":"","ocean_post_title_background":0,"ocean_post_title_bg_image_position":"","ocean_post_title_bg_image_attachment":"","ocean_post_title_bg_image_repeat":"","ocean_post_title_bg_image_size":"","ocean_post_title_height":0,"ocean_post_title_bg_overlay":0.5,"ocean_post_title_bg_overlay_color":"","ocean_disable_breadcrumbs":"default","ocean_breadcrumbs_color":"","ocean_breadcrumbs_separator_color":"","ocean_breadcrumbs_links_color":"","ocean_breadcrumbs_links_hover_color":"","ocean_display_footer_widgets":"default","ocean_display_footer_bottom":"default","ocean_custom_footer_template":"","footnotes":""},"class_list":["post-8","page","type-page","status-publish","hentry","entry"],"yoast_head":"<!-- This site is optimized with the Yoast SEO plugin v22.0 - https:\/\/yoast.com\/wordpress\/plugins\/seo\/ -->\n<title>KAWMA<\/title>\n<meta name=\"description\" content=\"Agence informatique sp\u00e9cialis\u00e9e en gestion de projets, automatisation des processus (RPA), d\u00e9veloppement web et la conduite de changement.\" \/>\n<meta name=\"robots\" content=\"index, follow, max-snippet:-1, max-image-preview:large, max-video-preview:-1\" \/>\n<link rel=\"canonical\" href=\"http:\/\/www.kawma.fr\/\" \/>\n<meta property=\"og:locale\" content=\"en_US\" \/>\n<meta property=\"og:type\" content=\"article\" \/>\n<meta property=\"og:title\" content=\"KAWMA\" \/>\n<meta property=\"og:description\" content=\"Agence informatique sp\u00e9cialis\u00e9e en gestion de projets, automatisation des processus (RPA), d\u00e9veloppement web et la conduite de changement.\" \/>\n<meta property=\"og:url\" content=\"http:\/\/www.kawma.fr\/\" \/>\n<meta property=\"og:site_name\" content=\"WordPress\" \/>\n<meta property=\"article:modified_time\" content=\"2024-10-27T14:23:30+00:00\" \/>\n<meta property=\"og:image\" content=\"http:\/\/www.kawma.fr\/wp-content\/uploads\/2024\/02\/800px-Orange_Bank_2017-150x150.png\" \/>\n<meta name=\"twitter:card\" content=\"summary_large_image\" \/>\n<meta name=\"twitter:label1\" content=\"Est. reading time\" \/>\n\t<meta name=\"twitter:data1\" content=\"2 minutes\" \/>\n<script type=\"application\/ld+json\" class=\"yoast-schema-graph\">{\"@context\":\"https:\/\/schema.org\",\"@graph\":[{\"@type\":\"WebPage\",\"@id\":\"http:\/\/www.kawma.fr\/\",\"url\":\"http:\/\/www.kawma.fr\/\",\"name\":\"KAWMA\",\"isPartOf\":{\"@id\":\"http:\/\/www.kawma.fr\/#website\"},\"datePublished\":\"2024-02-18T19:58:19+00:00\",\"dateModified\":\"2024-10-27T14:23:30+00:00\",\"description\":\"Agence informatique sp\u00e9cialis\u00e9e en gestion de projets, automatisation des processus (RPA), d\u00e9veloppement web et la conduite de changement.\",\"breadcrumb\":{\"@id\":\"http:\/\/www.kawma.fr\/#breadcrumb\"},\"inLanguage\":\"en-US\",\"potentialAction\":[{\"@type\":\"ReadAction\",\"target\":[\"http:\/\/www.kawma.fr\/\"]}]},{\"@type\":\"BreadcrumbList\",\"@id\":\"http:\/\/www.kawma.fr\/#breadcrumb\",\"itemListElement\":[{\"@type\":\"ListItem\",\"position\":1,\"name\":\"Accueil\",\"item\":\"http:\/\/www.kawma.fr\/\"},{\"@type\":\"ListItem\",\"position\":2,\"name\":\"Accueil\"}]},{\"@type\":\"WebSite\",\"@id\":\"http:\/\/www.kawma.fr\/#website\",\"url\":\"http:\/\/www.kawma.fr\/\",\"name\":\"WordPress\",\"description\":\"Un site utilisant WordPress\",\"publisher\":{\"@id\":\"http:\/\/www.kawma.fr\/#organization\"},\"potentialAction\":[{\"@type\":\"SearchAction\",\"target\":{\"@type\":\"EntryPoint\",\"urlTemplate\":\"http:\/\/www.kawma.fr\/?s={search_term_string}\"},\"query-input\":\"required name=search_term_string\"}],\"inLanguage\":\"en-US\"},{\"@type\":\"Organization\",\"@id\":\"http:\/\/www.kawma.fr\/#organization\",\"name\":\"WordPress\",\"url\":\"http:\/\/www.kawma.fr\/\",\"logo\":{\"@type\":\"ImageObject\",\"inLanguage\":\"en-US\",\"@id\":\"http:\/\/www.kawma.fr\/#\/schema\/logo\/image\/\",\"url\":\"https:\/\/www.kawma.fr\/wp-content\/uploads\/2024\/02\/cropped-image.png\",\"contentUrl\":\"https:\/\/www.kawma.fr\/wp-content\/uploads\/2024\/02\/cropped-image.png\",\"width\":343,\"height\":95,\"caption\":\"WordPress\"},\"image\":{\"@id\":\"http:\/\/www.kawma.fr\/#\/schema\/logo\/image\/\"}}]}<\/script>\n<!-- \/ Yoast SEO plugin. -->","yoast_head_json":{"title":"KAWMA","description":"Agence informatique sp\u00e9cialis\u00e9e en gestion de projets, automatisation des processus (RPA), d\u00e9veloppement web et la conduite de changement.","robots":{"index":"index","follow":"follow","max-snippet":"max-snippet:-1","max-image-preview":"max-image-preview:large","max-video-preview":"max-video-preview:-1"},"canonical":"http:\/\/www.kawma.fr\/","og_locale":"en_US","og_type":"article","og_title":"KAWMA","og_description":"Agence informatique sp\u00e9cialis\u00e9e en gestion de projets, automatisation des processus (RPA), d\u00e9veloppement web et la conduite de changement.","og_url":"http:\/\/www.kawma.fr\/","og_site_name":"WordPress","article_modified_time":"2024-10-27T14:23:30+00:00","og_image":[{"url":"http:\/\/www.kawma.fr\/wp-content\/uploads\/2024\/02\/800px-Orange_Bank_2017-150x150.png"}],"twitter_card":"summary_large_image","twitter_misc":{"Est. reading time":"2 minutes"},"schema":{"@context":"https:\/\/schema.org","@graph":[{"@type":"WebPage","@id":"http:\/\/www.kawma.fr\/","url":"http:\/\/www.kawma.fr\/","name":"KAWMA","isPartOf":{"@id":"http:\/\/www.kawma.fr\/#website"},"datePublished":"2024-02-18T19:58:19+00:00","dateModified":"2024-10-27T14:23:30+00:00","description":"Agence informatique sp\u00e9cialis\u00e9e en gestion de projets, automatisation des processus (RPA), d\u00e9veloppement web et la conduite de changement.","breadcrumb":{"@id":"http:\/\/www.kawma.fr\/#breadcrumb"},"inLanguage":"en-US","potentialAction":[{"@type":"ReadAction","target":["http:\/\/www.kawma.fr\/"]}]},{"@type":"BreadcrumbList","@id":"http:\/\/www.kawma.fr\/#breadcrumb","itemListElement":[{"@type":"ListItem","position":1,"name":"Accueil","item":"http:\/\/www.kawma.fr\/"},{"@type":"ListItem","position":2,"name":"Accueil"}]},{"@type":"WebSite","@id":"http:\/\/www.kawma.fr\/#website","url":"http:\/\/www.kawma.fr\/","name":"WordPress","description":"Un site utilisant WordPress","publisher":{"@id":"http:\/\/www.kawma.fr\/#organization"},"potentialAction":[{"@type":"SearchAction","target":{"@type":"EntryPoint","urlTemplate":"http:\/\/www.kawma.fr\/?s={search_term_string}"},"query-input":"required name=search_term_string"}],"inLanguage":"en-US"},{"@type":"Organization","@id":"http:\/\/www.kawma.fr\/#organization","name":"WordPress","url":"http:\/\/www.kawma.fr\/","logo":{"@type":"ImageObject","inLanguage":"en-US","@id":"http:\/\/www.kawma.fr\/#\/schema\/logo\/image\/","url":"https:\/\/www.kawma.fr\/wp-content\/uploads\/2024\/02\/cropped-image.png","contentUrl":"https:\/\/www.kawma.fr\/wp-content\/uploads\/2024\/02\/cropped-image.png","width":343,"height":95,"caption":"WordPress"},"image":{"@id":"http:\/\/www.kawma.fr\/#\/schema\/logo\/image\/"}}]}},"_links":{"self":[{"href":"https:\/\/www.kawma.fr\/index.php\/wp-json\/wp\/v2\/pages\/8","targetHints":{"allow":["GET"]}}],"collection":[{"href":"https:\/\/www.kawma.fr\/index.php\/wp-json\/wp\/v2\/pages"}],"about":[{"href":"https:\/\/www.kawma.fr\/index.php\/wp-json\/wp\/v2\/types\/page"}],"author":[{"embeddable":true,"href":"https:\/\/www.kawma.fr\/index.php\/wp-json\/wp\/v2\/users\/1"}],"replies":[{"embeddable":true,"href":"https:\/\/www.kawma.fr\/index.php\/wp-json\/wp\/v2\/comments?post=8"}],"version-history":[{"count":46,"href":"https:\/\/www.kawma.fr\/index.php\/wp-json\/wp\/v2\/pages\/8\/revisions"}],"predecessor-version":[{"id":148,"href":"https:\/\/www.kawma.fr\/index.php\/wp-json\/wp\/v2\/pages\/8\/revisions\/148"}],"wp:attachment":[{"href":"https:\/\/www.kawma.fr\/index.php\/wp-json\/wp\/v2\/media?parent=8"}],"curies":[{"name":"wp","href":"https:\/\/api.w.org\/{rel}","templated":true}]}}