{"id":11,"date":"2024-02-18T21:01:02","date_gmt":"2024-02-18T20:01:02","guid":{"rendered":"https:\/\/www.kawma.fr\/?page_id=11"},"modified":"2024-02-23T11:39:23","modified_gmt":"2024-02-23T10:39:23","slug":"nos-services","status":"publish","type":"page","link":"https:\/\/www.kawma.fr\/index.php\/nos-services\/","title":{"rendered":"Nos services"},"content":{"rendered":"\t\t<div data-elementor-type=\"wp-page\" data-elementor-id=\"11\" class=\"elementor elementor-11\">\n\t\t\t\t<div class=\"elementor-element elementor-element-db8e9ca e-flex e-con-boxed e-con e-parent\" data-id=\"db8e9ca\" data-element_type=\"container\" data-settings=\"{&quot;content_width&quot;:&quot;boxed&quot;}\" data-core-v316-plus=\"true\">\n\t\t\t\t\t<div class=\"e-con-inner\">\n\t\t\t\t<div class=\"elementor-element elementor-element-ebfaf09 elementor-widget elementor-widget-heading\" data-id=\"ebfaf09\" data-element_type=\"widget\" data-widget_type=\"heading.default\">\n\t\t\t\t<div class=\"elementor-widget-container\">\n\t\t\t<style>\/*! elementor - v3.19.0 - 07-02-2024 *\/\n.elementor-heading-title{padding:0;margin:0;line-height:1}.elementor-widget-heading .elementor-heading-title[class*=elementor-size-]>a{color:inherit;font-size:inherit;line-height:inherit}.elementor-widget-heading .elementor-heading-title.elementor-size-small{font-size:15px}.elementor-widget-heading .elementor-heading-title.elementor-size-medium{font-size:19px}.elementor-widget-heading .elementor-heading-title.elementor-size-large{font-size:29px}.elementor-widget-heading .elementor-heading-title.elementor-size-xl{font-size:39px}.elementor-widget-heading .elementor-heading-title.elementor-size-xxl{font-size:59px}<\/style><h2 class=\"elementor-heading-title elementor-size-default\">Nos Services<\/h2>\t\t<\/div>\n\t\t\t\t<\/div>\n\t\t\t\t\t<\/div>\n\t\t\t\t<\/div>\n\t\t<div class=\"elementor-element elementor-element-bebf935 e-flex e-con-boxed e-con e-parent\" data-id=\"bebf935\" data-element_type=\"container\" data-settings=\"{&quot;content_width&quot;:&quot;boxed&quot;}\" data-core-v316-plus=\"true\">\n\t\t\t\t\t<div class=\"e-con-inner\">\n\t\t<div class=\"elementor-element elementor-element-f9aca09 e-con-full e-flex e-con e-child\" data-id=\"f9aca09\" data-element_type=\"container\" data-settings=\"{&quot;content_width&quot;:&quot;full&quot;}\">\n\t\t\t\t<div class=\"elementor-element elementor-element-0a07f77 elementor-widget elementor-widget-text-editor\" data-id=\"0a07f77\" data-element_type=\"widget\" data-widget_type=\"text-editor.default\">\n\t\t\t\t<div class=\"elementor-widget-container\">\n\t\t\t<style>\/*! elementor - v3.19.0 - 07-02-2024 *\/\n.elementor-widget-text-editor.elementor-drop-cap-view-stacked .elementor-drop-cap{background-color:#69727d;color:#fff}.elementor-widget-text-editor.elementor-drop-cap-view-framed .elementor-drop-cap{color:#69727d;border:3px solid;background-color:transparent}.elementor-widget-text-editor:not(.elementor-drop-cap-view-default) .elementor-drop-cap{margin-top:8px}.elementor-widget-text-editor:not(.elementor-drop-cap-view-default) .elementor-drop-cap-letter{width:1em;height:1em}.elementor-widget-text-editor .elementor-drop-cap{float:left;text-align:center;line-height:1;font-size:50px}.elementor-widget-text-editor .elementor-drop-cap-letter{display:inline-block}<\/style>\t\t\t\t<h4 style=\"font-family: 'Segoe UI', 'Segoe UI Web (West European)', 'Segoe UI', -apple-system, BlinkMacSystemFont, Roboto, 'Helvetica Neue', sans-serif; font-style: normal; font-variant-ligatures: normal; font-variant-caps: normal; font-size: 17px; margin-bottom: 0px; font-kerning: auto; line-height: normal; color: black !important;\"><span style=\"font-size: inherit; font-family: UICTFontTextStyleBody; color: inherit;\"><b>Conseil en informatique<\/b><\/span><\/h4><p style=\"font-family: 'Segoe UI', 'Segoe UI Web (West European)', 'Segoe UI', -apple-system, BlinkMacSystemFont, Roboto, 'Helvetica Neue', sans-serif; font-style: normal; font-variant-ligatures: normal; font-variant-caps: normal; font-weight: 400; font-size: 17px; margin-bottom: 0px; font-kerning: auto; line-height: normal; color: black !important;\"><span style=\"font-weight: normal; font-size: inherit; font-family: UICTFontTextStyleBody; color: inherit;\">Une \u00e9quipe avec +10 ans d\u2019exp\u00e9rience en IT dans beaucoup de secteurs d\u2019activit\u00e9 tels que la banque,\u00a0 l&#8217;industrie et l&#8217;\u00e9nergie .\u00a0<\/span><\/p><p style=\"font-family: 'Segoe UI', 'Segoe UI Web (West European)', 'Segoe UI', -apple-system, BlinkMacSystemFont, Roboto, 'Helvetica Neue', sans-serif; font-style: normal; font-variant-ligatures: normal; font-variant-caps: normal; font-weight: 400; font-size: 17px; margin-bottom: 0px; font-kerning: auto; line-height: normal; color: black !important;\"><span style=\"font-weight: normal; font-size: inherit; font-family: UICTFontTextStyleBody; color: inherit;\">Que cela soit pour mettre en place de nouveaux outils ou faire des migrations, nous \u00e9tions l\u00e0 pour garantir cette r\u00e9alisation dans les meilleures conditions.<\/span><\/p>\t\t\t\t\t\t<\/div>\n\t\t\t\t<\/div>\n\t\t\t\t<\/div>\n\t\t<div class=\"elementor-element elementor-element-f3b7db6 e-con-full e-flex e-con e-child\" data-id=\"f3b7db6\" data-element_type=\"container\" data-settings=\"{&quot;content_width&quot;:&quot;full&quot;}\">\n\t\t\t\t<div class=\"elementor-element elementor-element-c83cfc7 elementor-widget elementor-widget-text-editor\" data-id=\"c83cfc7\" data-element_type=\"widget\" data-widget_type=\"text-editor.default\">\n\t\t\t\t<div class=\"elementor-widget-container\">\n\t\t\t\t\t\t\t<h4 style=\"font-family: 'Segoe UI', 'Segoe UI Web (West European)', 'Segoe UI', -apple-system, BlinkMacSystemFont, Roboto, 'Helvetica Neue', sans-serif; font-style: normal; font-variant-ligatures: normal; font-variant-caps: normal; font-size: 17px; margin-bottom: 0px; font-kerning: auto; line-height: normal; color: black !important;\"><span style=\"font-size: inherit; font-family: UICTFontTextStyleBody; color: inherit;\"><b>Conduite de changement<\/b><\/span><\/h4><p style=\"font-family: 'Segoe UI', 'Segoe UI Web (West European)', 'Segoe UI', -apple-system, BlinkMacSystemFont, Roboto, 'Helvetica Neue', sans-serif; font-style: normal; font-variant-ligatures: normal; font-variant-caps: normal; font-weight: 400; font-size: 17px; margin-bottom: 0px; font-kerning: auto; line-height: normal; color: black !important;\"><span style=\"font-weight: normal; font-size: inherit; font-family: UICTFontTextStyleBody; color: inherit;\">Toute \u00e9volution qu\u2019elle soit un changement d\u2019outil ou une migration vers une version nouvelle n\u00e9cessite un accompagnement pour assurer une ma\u00eetrise rapide et \u00e9viter le sentiment de r\u00e9ticence chez les collaborateurs. Nous sommes l\u00e0 pour mettre en oeuvre\u00a0<\/span><span style=\"font-weight: normal; font-size: inherit; font-family: UICTFontTextStyleBody; color: inherit;\">notre savoir faire et s&#8217;assurer que cette transition se passe dans les meilleures conditions. Nous prenons le temps d\u2019analyser ce changement et rassurer les collaborateurs.<span style=\"font-size: inherit; color: inherit;\">\u00a0<\/span><\/span><\/p>\t\t\t\t\t\t<\/div>\n\t\t\t\t<\/div>\n\t\t\t\t<\/div>\n\t\t<div class=\"elementor-element elementor-element-36b6627 e-con-full e-flex e-con e-child\" data-id=\"36b6627\" data-element_type=\"container\" data-settings=\"{&quot;content_width&quot;:&quot;full&quot;}\">\n\t\t\t\t<div class=\"elementor-element elementor-element-1f9df28 elementor-widget elementor-widget-text-editor\" data-id=\"1f9df28\" data-element_type=\"widget\" data-widget_type=\"text-editor.default\">\n\t\t\t\t<div class=\"elementor-widget-container\">\n\t\t\t\t\t\t\t<h1 style=\"font-family: 'Segoe UI', 'Segoe UI Web (West European)', 'Segoe UI', -apple-system, BlinkMacSystemFont, Roboto, 'Helvetica Neue', sans-serif; font-style: normal; font-variant-ligatures: normal; font-variant-caps: normal; font-size: 17px; margin-bottom: 0px; font-kerning: auto; line-height: normal; color: black !important;\"><span style=\"font-size: inherit; font-family: UICTFontTextStyleBody; color: inherit;\"><b>O<\/b><\/span><span style=\"font-size: inherit; font-family: UICTFontTextStyleBody; color: inherit;\"><b>utils collaboratifs et GED<\/b><\/span><\/h1><p style=\"font-family: 'Segoe UI', 'Segoe UI Web (West European)', 'Segoe UI', -apple-system, BlinkMacSystemFont, Roboto, 'Helvetica Neue', sans-serif; font-style: normal; font-variant-ligatures: normal; font-variant-caps: normal; font-weight: 400; font-size: 17px; margin-bottom: 0px; font-kerning: auto; line-height: normal; color: black !important;\"><span style=\"font-weight: normal; font-size: inherit; font-family: UICTFontTextStyleBody; color: inherit;\">Mise en place de site intranet et d\u2019espaces collaboratifs SharePoint qui permettront l\u2019\u00e9change et la gestion des documents d\u2019une mani\u00e8re s\u00fbre et s\u00e9curis\u00e9e.<span style=\"font-size: inherit; color: inherit;\">\u00a0<\/span><\/span><\/p>\t\t\t\t\t\t<\/div>\n\t\t\t\t<\/div>\n\t\t\t\t<\/div>\n\t\t<div class=\"elementor-element elementor-element-e17a39a e-con-full e-flex e-con e-child\" data-id=\"e17a39a\" data-element_type=\"container\" data-settings=\"{&quot;content_width&quot;:&quot;full&quot;}\">\n\t\t\t\t<div class=\"elementor-element elementor-element-0724f83 elementor-widget elementor-widget-text-editor\" data-id=\"0724f83\" data-element_type=\"widget\" data-widget_type=\"text-editor.default\">\n\t\t\t\t<div class=\"elementor-widget-container\">\n\t\t\t\t\t\t\t<h4 style=\"font-family: 'Segoe UI', 'Segoe UI Web (West European)', 'Segoe UI', -apple-system, BlinkMacSystemFont, Roboto, 'Helvetica Neue', sans-serif; font-style: normal; font-variant-ligatures: normal; font-variant-caps: normal; font-size: 17px; margin-bottom: 0px; font-kerning: auto; line-height: normal; color: black !important;\"><span style=\"font-size: inherit; font-family: UICTFontTextStyleBody; color: inherit;\"><b>Automatisation Power Platform<span style=\"font-size: inherit; color: inherit;\">\u00a0<\/span><\/b><\/span><\/h4><p style=\"font-family: 'Segoe UI', 'Segoe UI Web (West European)', 'Segoe UI', -apple-system, BlinkMacSystemFont, Roboto, 'Helvetica Neue', sans-serif; font-style: normal; font-variant-ligatures: normal; font-variant-caps: normal; font-weight: 400; font-size: 17px; margin-bottom: 0px; font-kerning: auto; line-height: normal; color: black !important;\"><span style=\"font-weight: normal; font-size: inherit; font-family: UICTFontTextStyleBody; color: inherit;\">En plus de l&#8217;outil collaboratif SharePoint, nous proposons les automations gr\u00e2ce \u00e0 la suite Power Platform<span style=\"font-size: inherit; color: inherit;\">\u00a0de Microsoft<\/span><\/span><\/p>\t\t\t\t\t\t<\/div>\n\t\t\t\t<\/div>\n\t\t\t\t<\/div>\n\t\t<div class=\"elementor-element elementor-element-9d87941 e-con-full e-flex e-con e-child\" data-id=\"9d87941\" data-element_type=\"container\" data-settings=\"{&quot;content_width&quot;:&quot;full&quot;}\">\n\t\t\t\t<div class=\"elementor-element elementor-element-36dd3a9 elementor-widget elementor-widget-text-editor\" data-id=\"36dd3a9\" data-element_type=\"widget\" data-widget_type=\"text-editor.default\">\n\t\t\t\t<div class=\"elementor-widget-container\">\n\t\t\t\t\t\t\t<h4 style=\"font-family: 'Segoe UI', 'Segoe UI Web (West European)', 'Segoe UI', -apple-system, BlinkMacSystemFont, Roboto, 'Helvetica Neue', sans-serif; font-style: normal; font-variant-ligatures: normal; font-variant-caps: normal; font-size: 17px; margin-bottom: 0px; font-kerning: auto; line-height: normal; color: black !important;\"><span style=\"font-size: inherit; font-family: UICTFontTextStyleBody; color: inherit;\"><b>Robotisation des processus RPA avec Uipath<\/b><\/span><\/h4><p style=\"font-family: 'Segoe UI', 'Segoe UI Web (West European)', 'Segoe UI', -apple-system, BlinkMacSystemFont, Roboto, 'Helvetica Neue', sans-serif; font-style: normal; font-variant-ligatures: normal; font-variant-caps: normal; font-weight: 400; font-size: 17px; margin-bottom: 0px; font-kerning: auto; line-height: normal; color: black !important;\"><span style=\"font-weight: normal; font-size: inherit; font-family: UICTFontTextStyleBody; color: inherit;\">En plus des outils Microsoft,<span style=\"font-size: inherit; color: inherit;\">\u00a0n<\/span><\/span><span style=\"color: inherit; font-family: UICTFontTextStyleBody; font-size: inherit; font-weight: normal; text-align: var(--text-align);\">ous proposons l\u2019automatisation de vos processus quand cela le permet afin de vous faire gagner du temps et vous lib\u00e9rer des t\u00e2ches fastidieuses et r\u00e9p\u00e9titives.<\/span><span style=\"color: inherit; font-family: UICTFontTextStyleBody; font-size: inherit; font-weight: normal; text-align: var(--text-align);\">\u00a0<\/span><\/p>\t\t\t\t\t\t<\/div>\n\t\t\t\t<\/div>\n\t\t\t\t<\/div>\n\t\t<div class=\"elementor-element elementor-element-5246ec5 e-con-full e-flex e-con e-child\" data-id=\"5246ec5\" data-element_type=\"container\" data-settings=\"{&quot;content_width&quot;:&quot;full&quot;}\">\n\t\t\t\t<div class=\"elementor-element elementor-element-e049c3a elementor-widget elementor-widget-text-editor\" data-id=\"e049c3a\" data-element_type=\"widget\" data-widget_type=\"text-editor.default\">\n\t\t\t\t<div class=\"elementor-widget-container\">\n\t\t\t\t\t\t\t<h4 style=\"font-family: &quot;Segoe UI&quot;, &quot;Segoe UI Web (West European)&quot;, &quot;Segoe UI&quot;, -apple-system, BlinkMacSystemFont, Roboto, &quot;Helvetica Neue&quot;, sans-serif; font-style: normal; font-variant-ligatures: normal; font-variant-caps: normal; font-size: 17px; margin-bottom: 0px; font-kerning: auto; line-height: normal; color: black !important;\"><span style=\"font-size: inherit; font-family: UICTFontTextStyleBody; color: inherit;\">D\u00e9veloppement de sites web<span style=\"font-size: inherit; color: inherit;\">&nbsp;<\/span><\/span><\/h4>\n<p style=\"font-family: 'Segoe UI', 'Segoe UI Web (West European)', 'Segoe UI', -apple-system, BlinkMacSystemFont, Roboto, 'Helvetica Neue', sans-serif; font-style: normal; font-variant-ligatures: normal; font-variant-caps: normal; font-weight: 400; font-size: 17px; margin-bottom: 0px; font-kerning: auto; line-height: normal; color: black !important;\"><span style=\"font-weight: normal; font-size: inherit; font-family: UICTFontTextStyleBody; color: inherit;\">Notre \u00e9quipe se fera un plaisir de d\u00e9velopper et mettre en place votre site internet qu\u2019il soit statique ou dynamique. Nous travaillons sur un catalogue de sites qu\u2019on pourra vous proposer tr\u00e8s prochainement.<span style=\"font-size: inherit; color: inherit;\">&nbsp;<\/span><\/span><\/p>\t\t\t\t\t\t<\/div>\n\t\t\t\t<\/div>\n\t\t\t\t<\/div>\n\t\t<div class=\"elementor-element elementor-element-3a10424 e-con-full e-flex e-con e-child\" data-id=\"3a10424\" data-element_type=\"container\" data-settings=\"{&quot;content_width&quot;:&quot;full&quot;}\">\n\t\t\t\t<div class=\"elementor-element elementor-element-82a4078 elementor-widget__width-initial elementor-widget elementor-widget-text-editor\" data-id=\"82a4078\" data-element_type=\"widget\" data-widget_type=\"text-editor.default\">\n\t\t\t\t<div class=\"elementor-widget-container\">\n\t\t\t\t\t\t\t<p style=\"font-family: 'Segoe UI', 'Segoe UI Web (West European)', 'Segoe UI', -apple-system, BlinkMacSystemFont, Roboto, 'Helvetica Neue', sans-serif; font-style: normal; font-variant-ligatures: normal; font-variant-caps: normal; font-size: 17px; margin-bottom: 0px; font-kerning: auto; line-height: normal; color: black !important;\"><span style=\"font-size: inherit; font-family: UICTFontTextStyleBody; color: inherit;\"><b>Accompagnement et mentorat<\/b><\/span><\/p><p style=\"font-family: 'Segoe UI', 'Segoe UI Web (West European)', 'Segoe UI', -apple-system, BlinkMacSystemFont, Roboto, 'Helvetica Neue', sans-serif; font-style: normal; font-variant-ligatures: normal; font-variant-caps: normal; font-weight: 400; font-size: 17px; margin-bottom: 0px; font-kerning: auto; line-height: normal; color: black !important;\"><span style=\"font-weight: normal; font-size: inherit; font-family: UICTFontTextStyleBody; color: inherit;\">Vous d\u00e9butez votre activit\u00e9 et vous avez envie de former votre equipe sur l\u2019un de nos domaines d\u2019expertise ? Nous sommes l\u00e0 pour vous proposer des formations sur la gestion de projets informatiques, les outils collaboratifs SharePoint , la suite Power Plateform, l\u2019outil de RPA UiPath et le d\u00e9veloppement web.<span style=\"font-size: inherit; color: inherit;\">\u00a0<\/span><\/span><\/p>\t\t\t\t\t\t<\/div>\n\t\t\t\t<\/div>\n\t\t\t\t<\/div>\n\t\t\t\t\t<\/div>\n\t\t\t\t<\/div>\n\t\t\t\t<\/div>\n\t\t","protected":false},"excerpt":{"rendered":"<p>Nos Services Conseil en informatique Une \u00e9quipe avec +10 ans d\u2019exp\u00e9rience en IT dans beaucoup de secteurs d\u2019activit\u00e9 tels que la banque,\u00a0 l&#8217;industrie et l&#8217;\u00e9nergie .\u00a0 Que cela soit pour mettre en place de nouveaux outils ou faire des migrations, nous \u00e9tions l\u00e0 pour garantir cette r\u00e9alisation dans les meilleures conditions. Conduite de changement Toute [&hellip;]<\/p>\n","protected":false},"author":1,"featured_media":0,"parent":0,"menu_order":0,"comment_status":"closed","ping_status":"closed","template":"","meta":{"ocean_post_layout":"","ocean_both_sidebars_style":"","ocean_both_sidebars_content_width":0,"ocean_both_sidebars_sidebars_width":0,"ocean_sidebar":"","ocean_second_sidebar":"","ocean_disable_margins":"enable","ocean_add_body_class":"","ocean_shortcode_before_top_bar":"","ocean_shortcode_after_top_bar":"","ocean_shortcode_before_header":"","ocean_shortcode_after_header":"","ocean_has_shortcode":"","ocean_shortcode_after_title":"","ocean_shortcode_before_footer_widgets":"","ocean_shortcode_after_footer_widgets":"","ocean_shortcode_before_footer_bottom":"","ocean_shortcode_after_footer_bottom":"","ocean_display_top_bar":"default","ocean_display_header":"default","ocean_header_style":"","ocean_center_header_left_menu":"","ocean_custom_header_template":"","ocean_custom_logo":0,"ocean_custom_retina_logo":0,"ocean_custom_logo_max_width":0,"ocean_custom_logo_tablet_max_width":0,"ocean_custom_logo_mobile_max_width":0,"ocean_custom_logo_max_height":0,"ocean_custom_logo_tablet_max_height":0,"ocean_custom_logo_mobile_max_height":0,"ocean_header_custom_menu":"","ocean_menu_typo_font_family":"","ocean_menu_typo_font_subset":"","ocean_menu_typo_font_size":0,"ocean_menu_typo_font_size_tablet":0,"ocean_menu_typo_font_size_mobile":0,"ocean_menu_typo_font_size_unit":"px","ocean_menu_typo_font_weight":"","ocean_menu_typo_font_weight_tablet":"","ocean_menu_typo_font_weight_mobile":"","ocean_menu_typo_transform":"","ocean_menu_typo_transform_tablet":"","ocean_menu_typo_transform_mobile":"","ocean_menu_typo_line_height":0,"ocean_menu_typo_line_height_tablet":0,"ocean_menu_typo_line_height_mobile":0,"ocean_menu_typo_line_height_unit":"","ocean_menu_typo_spacing":0,"ocean_menu_typo_spacing_tablet":0,"ocean_menu_typo_spacing_mobile":0,"ocean_menu_typo_spacing_unit":"","ocean_menu_link_color":"","ocean_menu_link_color_hover":"","ocean_menu_link_color_active":"","ocean_menu_link_background":"","ocean_menu_link_hover_background":"","ocean_menu_link_active_background":"","ocean_menu_social_links_bg":"","ocean_menu_social_hover_links_bg":"","ocean_menu_social_links_color":"","ocean_menu_social_hover_links_color":"","ocean_disable_title":"default","ocean_disable_heading":"default","ocean_post_title":"","ocean_post_subheading":"","ocean_post_title_style":"","ocean_post_title_background_color":"","ocean_post_title_background":0,"ocean_post_title_bg_image_position":"","ocean_post_title_bg_image_attachment":"","ocean_post_title_bg_image_repeat":"","ocean_post_title_bg_image_size":"","ocean_post_title_height":0,"ocean_post_title_bg_overlay":0.5,"ocean_post_title_bg_overlay_color":"","ocean_disable_breadcrumbs":"default","ocean_breadcrumbs_color":"","ocean_breadcrumbs_separator_color":"","ocean_breadcrumbs_links_color":"","ocean_breadcrumbs_links_hover_color":"","ocean_display_footer_widgets":"default","ocean_display_footer_bottom":"default","ocean_custom_footer_template":"","footnotes":""},"class_list":["post-11","page","type-page","status-publish","hentry","entry"],"yoast_head":"<!-- This site is optimized with the Yoast SEO plugin v22.0 - https:\/\/yoast.com\/wordpress\/plugins\/seo\/ -->\n<title>Nos services - WordPress<\/title>\n<meta name=\"robots\" content=\"index, follow, max-snippet:-1, max-image-preview:large, max-video-preview:-1\" \/>\n<link rel=\"canonical\" href=\"https:\/\/www.kawma.fr\/index.php\/nos-services\/\" \/>\n<meta property=\"og:locale\" content=\"en_US\" \/>\n<meta property=\"og:type\" content=\"article\" \/>\n<meta property=\"og:title\" content=\"Nos services - WordPress\" \/>\n<meta property=\"og:description\" content=\"Nos Services Conseil en informatique Une \u00e9quipe avec +10 ans d\u2019exp\u00e9rience en IT dans beaucoup de secteurs d\u2019activit\u00e9 tels que la banque,\u00a0 l&#8217;industrie et l&#8217;\u00e9nergie .\u00a0 Que cela soit pour mettre en place de nouveaux outils ou faire des migrations, nous \u00e9tions l\u00e0 pour garantir cette r\u00e9alisation dans les meilleures conditions. Conduite de changement Toute [&hellip;]\" \/>\n<meta property=\"og:url\" content=\"https:\/\/www.kawma.fr\/index.php\/nos-services\/\" \/>\n<meta property=\"og:site_name\" content=\"WordPress\" \/>\n<meta property=\"article:modified_time\" content=\"2024-02-23T10:39:23+00:00\" \/>\n<meta name=\"twitter:card\" content=\"summary_large_image\" \/>\n<meta name=\"twitter:label1\" content=\"Est. reading time\" \/>\n\t<meta name=\"twitter:data1\" content=\"2 minutes\" \/>\n<script type=\"application\/ld+json\" class=\"yoast-schema-graph\">{\"@context\":\"https:\/\/schema.org\",\"@graph\":[{\"@type\":\"WebPage\",\"@id\":\"https:\/\/www.kawma.fr\/index.php\/nos-services\/\",\"url\":\"https:\/\/www.kawma.fr\/index.php\/nos-services\/\",\"name\":\"Nos services - WordPress\",\"isPartOf\":{\"@id\":\"http:\/\/www.kawma.fr\/#website\"},\"datePublished\":\"2024-02-18T20:01:02+00:00\",\"dateModified\":\"2024-02-23T10:39:23+00:00\",\"breadcrumb\":{\"@id\":\"https:\/\/www.kawma.fr\/index.php\/nos-services\/#breadcrumb\"},\"inLanguage\":\"en-US\",\"potentialAction\":[{\"@type\":\"ReadAction\",\"target\":[\"https:\/\/www.kawma.fr\/index.php\/nos-services\/\"]}]},{\"@type\":\"BreadcrumbList\",\"@id\":\"https:\/\/www.kawma.fr\/index.php\/nos-services\/#breadcrumb\",\"itemListElement\":[{\"@type\":\"ListItem\",\"position\":1,\"name\":\"Accueil\",\"item\":\"http:\/\/www.kawma.fr\/\"},{\"@type\":\"ListItem\",\"position\":2,\"name\":\"Nos services\"}]},{\"@type\":\"WebSite\",\"@id\":\"http:\/\/www.kawma.fr\/#website\",\"url\":\"http:\/\/www.kawma.fr\/\",\"name\":\"WordPress\",\"description\":\"Un site utilisant WordPress\",\"publisher\":{\"@id\":\"http:\/\/www.kawma.fr\/#organization\"},\"potentialAction\":[{\"@type\":\"SearchAction\",\"target\":{\"@type\":\"EntryPoint\",\"urlTemplate\":\"http:\/\/www.kawma.fr\/?s={search_term_string}\"},\"query-input\":\"required name=search_term_string\"}],\"inLanguage\":\"en-US\"},{\"@type\":\"Organization\",\"@id\":\"http:\/\/www.kawma.fr\/#organization\",\"name\":\"WordPress\",\"url\":\"http:\/\/www.kawma.fr\/\",\"logo\":{\"@type\":\"ImageObject\",\"inLanguage\":\"en-US\",\"@id\":\"http:\/\/www.kawma.fr\/#\/schema\/logo\/image\/\",\"url\":\"https:\/\/www.kawma.fr\/wp-content\/uploads\/2024\/02\/cropped-image.png\",\"contentUrl\":\"https:\/\/www.kawma.fr\/wp-content\/uploads\/2024\/02\/cropped-image.png\",\"width\":343,\"height\":95,\"caption\":\"WordPress\"},\"image\":{\"@id\":\"http:\/\/www.kawma.fr\/#\/schema\/logo\/image\/\"}}]}<\/script>\n<!-- \/ Yoast SEO plugin. -->","yoast_head_json":{"title":"Nos services - WordPress","robots":{"index":"index","follow":"follow","max-snippet":"max-snippet:-1","max-image-preview":"max-image-preview:large","max-video-preview":"max-video-preview:-1"},"canonical":"https:\/\/www.kawma.fr\/index.php\/nos-services\/","og_locale":"en_US","og_type":"article","og_title":"Nos services - WordPress","og_description":"Nos Services Conseil en informatique Une \u00e9quipe avec +10 ans d\u2019exp\u00e9rience en IT dans beaucoup de secteurs d\u2019activit\u00e9 tels que la banque,\u00a0 l&#8217;industrie et l&#8217;\u00e9nergie .\u00a0 Que cela soit pour mettre en place de nouveaux outils ou faire des migrations, nous \u00e9tions l\u00e0 pour garantir cette r\u00e9alisation dans les meilleures conditions. Conduite de changement Toute [&hellip;]","og_url":"https:\/\/www.kawma.fr\/index.php\/nos-services\/","og_site_name":"WordPress","article_modified_time":"2024-02-23T10:39:23+00:00","twitter_card":"summary_large_image","twitter_misc":{"Est. reading time":"2 minutes"},"schema":{"@context":"https:\/\/schema.org","@graph":[{"@type":"WebPage","@id":"https:\/\/www.kawma.fr\/index.php\/nos-services\/","url":"https:\/\/www.kawma.fr\/index.php\/nos-services\/","name":"Nos services - WordPress","isPartOf":{"@id":"http:\/\/www.kawma.fr\/#website"},"datePublished":"2024-02-18T20:01:02+00:00","dateModified":"2024-02-23T10:39:23+00:00","breadcrumb":{"@id":"https:\/\/www.kawma.fr\/index.php\/nos-services\/#breadcrumb"},"inLanguage":"en-US","potentialAction":[{"@type":"ReadAction","target":["https:\/\/www.kawma.fr\/index.php\/nos-services\/"]}]},{"@type":"BreadcrumbList","@id":"https:\/\/www.kawma.fr\/index.php\/nos-services\/#breadcrumb","itemListElement":[{"@type":"ListItem","position":1,"name":"Accueil","item":"http:\/\/www.kawma.fr\/"},{"@type":"ListItem","position":2,"name":"Nos services"}]},{"@type":"WebSite","@id":"http:\/\/www.kawma.fr\/#website","url":"http:\/\/www.kawma.fr\/","name":"WordPress","description":"Un site utilisant WordPress","publisher":{"@id":"http:\/\/www.kawma.fr\/#organization"},"potentialAction":[{"@type":"SearchAction","target":{"@type":"EntryPoint","urlTemplate":"http:\/\/www.kawma.fr\/?s={search_term_string}"},"query-input":"required name=search_term_string"}],"inLanguage":"en-US"},{"@type":"Organization","@id":"http:\/\/www.kawma.fr\/#organization","name":"WordPress","url":"http:\/\/www.kawma.fr\/","logo":{"@type":"ImageObject","inLanguage":"en-US","@id":"http:\/\/www.kawma.fr\/#\/schema\/logo\/image\/","url":"https:\/\/www.kawma.fr\/wp-content\/uploads\/2024\/02\/cropped-image.png","contentUrl":"https:\/\/www.kawma.fr\/wp-content\/uploads\/2024\/02\/cropped-image.png","width":343,"height":95,"caption":"WordPress"},"image":{"@id":"http:\/\/www.kawma.fr\/#\/schema\/logo\/image\/"}}]}},"_links":{"self":[{"href":"https:\/\/www.kawma.fr\/index.php\/wp-json\/wp\/v2\/pages\/11","targetHints":{"allow":["GET"]}}],"collection":[{"href":"https:\/\/www.kawma.fr\/index.php\/wp-json\/wp\/v2\/pages"}],"about":[{"href":"https:\/\/www.kawma.fr\/index.php\/wp-json\/wp\/v2\/types\/page"}],"author":[{"embeddable":true,"href":"https:\/\/www.kawma.fr\/index.php\/wp-json\/wp\/v2\/users\/1"}],"replies":[{"embeddable":true,"href":"https:\/\/www.kawma.fr\/index.php\/wp-json\/wp\/v2\/comments?post=11"}],"version-history":[{"count":16,"href":"https:\/\/www.kawma.fr\/index.php\/wp-json\/wp\/v2\/pages\/11\/revisions"}],"predecessor-version":[{"id":134,"href":"https:\/\/www.kawma.fr\/index.php\/wp-json\/wp\/v2\/pages\/11\/revisions\/134"}],"wp:attachment":[{"href":"https:\/\/www.kawma.fr\/index.php\/wp-json\/wp\/v2\/media?parent=11"}],"curies":[{"name":"wp","href":"https:\/\/api.w.org\/{rel}","templated":true}]}}